{"id":516,"date":"2021-04-16T17:48:23","date_gmt":"2021-04-16T15:48:23","guid":{"rendered":"http:\/\/indomerch.fr\/?post_type=product&#038;p=516"},"modified":"2021-04-21T16:14:00","modified_gmt":"2021-04-21T14:14:00","slug":"carnet-singles-collection-2001-2021","status":"publish","type":"product","link":"https:\/\/indomerch.fr\/index.php\/produit\/carnet-singles-collection-2001-2021\/","title":{"rendered":"Carnet \u00ab\u00a0Singles Collection &#8211; 2001-2021\u00a0\u00bb"},"content":{"rendered":"","protected":false},"excerpt":{"rendered":"<p>Livret Moleskine au format A5 de 60 pages comprenant les textes manuscrits des 27 morceaux de \u00ab\u00a0Singles Collection &#8211; 2001-2021\u00a0\u00bb par Nicola.<\/p>\n<p>Mis en vente entre le 28 et le 31 ao\u00fbt 2020 \u00e0 la boutique \u00e9ph\u00e9m\u00e8re \u00e0 Paris puis en ligne \u00e0 compter du 10 septembre 2020 au prix de 30 \u20ac.<\/p>\n","protected":false},"featured_media":507,"template":"","meta":[],"product_cat":[125],"product_tag":[119,21],"_links":{"self":[{"href":"https:\/\/indomerch.fr\/index.php\/wp-json\/wp\/v2\/product\/516"}],"collection":[{"href":"https:\/\/indomerch.fr\/index.php\/wp-json\/wp\/v2\/product"}],"about":[{"href":"https:\/\/indomerch.fr\/index.php\/wp-json\/wp\/v2\/types\/product"}],"version-history":[{"count":1,"href":"https:\/\/indomerch.fr\/index.php\/wp-json\/wp\/v2\/product\/516\/revisions"}],"predecessor-version":[{"id":518,"href":"https:\/\/indomerch.fr\/index.php\/wp-json\/wp\/v2\/product\/516\/revisions\/518"}],"wp:featuredmedia":[{"embeddable":true,"href":"https:\/\/indomerch.fr\/index.php\/wp-json\/wp\/v2\/media\/507"}],"wp:attachment":[{"href":"https:\/\/indomerch.fr\/index.php\/wp-json\/wp\/v2\/media?parent=516"}],"wp:term":[{"taxonomy":"product_cat","embeddable":true,"href":"https:\/\/indomerch.fr\/index.php\/wp-json\/wp\/v2\/product_cat?post=516"},{"taxonomy":"product_tag","embeddable":true,"href":"https:\/\/indomerch.fr\/index.php\/wp-json\/wp\/v2\/product_tag?post=516"}],"curies":[{"name":"wp","href":"https:\/\/api.w.org\/{rel}","templated":true}]}}