{"id":522,"date":"2021-04-16T17:52:38","date_gmt":"2021-04-16T15:52:38","guid":{"rendered":"http:\/\/indomerch.fr\/?post_type=product&#038;p=522"},"modified":"2021-04-17T16:28:42","modified_gmt":"2021-04-17T14:28:42","slug":"t-shirt-paradize-2020-2","status":"publish","type":"product","link":"https:\/\/indomerch.fr\/index.php\/produit\/t-shirt-paradize-2020-2\/","title":{"rendered":"T-shirt \u00ab Paradize \u00bb (2020)"},"content":{"rendered":"","protected":false},"excerpt":{"rendered":"<div class=\"woocommerce-product-details__short-description\">\n<div class=\"woocommerce-product-details__short-description\">\n<p><span class=\"\">Visuel de la pochette de l\u2019album \u00ab Paradize \u00bb sur l\u2019int\u00e9gralit\u00e9 de la face avant (total print). Nom de l\u2019album au dos du t-shirt.<\/span><\/p>\n<p>Il \u00e9tait en pr\u00e9commande en ligne le 17 ao\u00fbt 2020, puis vendu entre le 28 et le 31 ao\u00fbt 2020 au Pop-Up Store \u00e0 Paris. Il a ensuite \u00e9t\u00e9 vendu sur l\u2019IndoShop \u00e0 compter du 10 septembre 2020 au prix de 35 \u20ac.<\/p>\n<\/div>\n<\/div>\n","protected":false},"featured_media":564,"template":"","meta":[],"product_cat":[31],"product_tag":[21,43,56],"_links":{"self":[{"href":"https:\/\/indomerch.fr\/index.php\/wp-json\/wp\/v2\/product\/522"}],"collection":[{"href":"https:\/\/indomerch.fr\/index.php\/wp-json\/wp\/v2\/product"}],"about":[{"href":"https:\/\/indomerch.fr\/index.php\/wp-json\/wp\/v2\/types\/product"}],"version-history":[{"count":1,"href":"https:\/\/indomerch.fr\/index.php\/wp-json\/wp\/v2\/product\/522\/revisions"}],"predecessor-version":[{"id":523,"href":"https:\/\/indomerch.fr\/index.php\/wp-json\/wp\/v2\/product\/522\/revisions\/523"}],"wp:featuredmedia":[{"embeddable":true,"href":"https:\/\/indomerch.fr\/index.php\/wp-json\/wp\/v2\/media\/564"}],"wp:attachment":[{"href":"https:\/\/indomerch.fr\/index.php\/wp-json\/wp\/v2\/media?parent=522"}],"wp:term":[{"taxonomy":"product_cat","embeddable":true,"href":"https:\/\/indomerch.fr\/index.php\/wp-json\/wp\/v2\/product_cat?post=522"},{"taxonomy":"product_tag","embeddable":true,"href":"https:\/\/indomerch.fr\/index.php\/wp-json\/wp\/v2\/product_tag?post=522"}],"curies":[{"name":"wp","href":"https:\/\/api.w.org\/{rel}","templated":true}]}}