{"id":524,"date":"2021-04-16T17:56:23","date_gmt":"2021-04-16T15:56:23","guid":{"rendered":"http:\/\/indomerch.fr\/?post_type=product&#038;p=524"},"modified":"2021-04-21T16:13:54","modified_gmt":"2021-04-21T14:13:54","slug":"t-shirt-indo-40","status":"publish","type":"product","link":"https:\/\/indomerch.fr\/index.php\/produit\/t-shirt-indo-40\/","title":{"rendered":"T-shirt \u00ab\u00a0Indo 40\u00a0\u00bb"},"content":{"rendered":"","protected":false},"excerpt":{"rendered":"<p>Mis en vente en ligne le 17 ao\u00fbt 2020 puis entre le 28 et le 31 ao\u00fbt 2020 \u00e0 la boutique \u00e9ph\u00e9m\u00e8re \u00e0 Paris puis en ligne sur IndoShop \u00e0 compter du 10 septembre 2020 au prix de 25 \u20ac.<\/p>\n","protected":false},"featured_media":519,"template":"","meta":[],"product_cat":[125],"product_tag":[21,45],"_links":{"self":[{"href":"https:\/\/indomerch.fr\/index.php\/wp-json\/wp\/v2\/product\/524"}],"collection":[{"href":"https:\/\/indomerch.fr\/index.php\/wp-json\/wp\/v2\/product"}],"about":[{"href":"https:\/\/indomerch.fr\/index.php\/wp-json\/wp\/v2\/types\/product"}],"version-history":[{"count":1,"href":"https:\/\/indomerch.fr\/index.php\/wp-json\/wp\/v2\/product\/524\/revisions"}],"predecessor-version":[{"id":525,"href":"https:\/\/indomerch.fr\/index.php\/wp-json\/wp\/v2\/product\/524\/revisions\/525"}],"wp:featuredmedia":[{"embeddable":true,"href":"https:\/\/indomerch.fr\/index.php\/wp-json\/wp\/v2\/media\/519"}],"wp:attachment":[{"href":"https:\/\/indomerch.fr\/index.php\/wp-json\/wp\/v2\/media?parent=524"}],"wp:term":[{"taxonomy":"product_cat","embeddable":true,"href":"https:\/\/indomerch.fr\/index.php\/wp-json\/wp\/v2\/product_cat?post=524"},{"taxonomy":"product_tag","embeddable":true,"href":"https:\/\/indomerch.fr\/index.php\/wp-json\/wp\/v2\/product_tag?post=524"}],"curies":[{"name":"wp","href":"https:\/\/api.w.org\/{rel}","templated":true}]}}