{"id":554,"date":"2021-04-16T18:46:17","date_gmt":"2021-04-16T16:46:17","guid":{"rendered":"http:\/\/indomerch.fr\/?post_type=product&#038;p=554"},"modified":"2021-06-05T14:14:12","modified_gmt":"2021-06-05T12:14:12","slug":"t-shirt-singles-collection-1981-2021","status":"publish","type":"product","link":"https:\/\/indomerch.fr\/index.php\/produit\/t-shirt-singles-collection-1981-2021\/","title":{"rendered":"T-shirt \u00ab\u00a0Singles Collection &#8211; 1981-2021\u00a0\u00bb (FNAC)"},"content":{"rendered":"","protected":false},"excerpt":{"rendered":"<p>T-shirt exclusif \u00ab\u00a0Singles Collection &#8211; 1981-2021\u00a0\u00bb.<\/p>\n<p>Exclusivit\u00e9 FNAC, vendu uniquement sur le site internet de la FNAC \u00e0 compter du 11 d\u00e9cembre 2020, au prix de 20 \u20ac.<\/p>\n","protected":false},"featured_media":565,"template":"","meta":[],"product_cat":[125],"product_tag":[21,120,45],"_links":{"self":[{"href":"https:\/\/indomerch.fr\/index.php\/wp-json\/wp\/v2\/product\/554"}],"collection":[{"href":"https:\/\/indomerch.fr\/index.php\/wp-json\/wp\/v2\/product"}],"about":[{"href":"https:\/\/indomerch.fr\/index.php\/wp-json\/wp\/v2\/types\/product"}],"version-history":[{"count":8,"href":"https:\/\/indomerch.fr\/index.php\/wp-json\/wp\/v2\/product\/554\/revisions"}],"predecessor-version":[{"id":949,"href":"https:\/\/indomerch.fr\/index.php\/wp-json\/wp\/v2\/product\/554\/revisions\/949"}],"wp:featuredmedia":[{"embeddable":true,"href":"https:\/\/indomerch.fr\/index.php\/wp-json\/wp\/v2\/media\/565"}],"wp:attachment":[{"href":"https:\/\/indomerch.fr\/index.php\/wp-json\/wp\/v2\/media?parent=554"}],"wp:term":[{"taxonomy":"product_cat","embeddable":true,"href":"https:\/\/indomerch.fr\/index.php\/wp-json\/wp\/v2\/product_cat?post=554"},{"taxonomy":"product_tag","embeddable":true,"href":"https:\/\/indomerch.fr\/index.php\/wp-json\/wp\/v2\/product_tag?post=554"}],"curies":[{"name":"wp","href":"https:\/\/api.w.org\/{rel}","templated":true}]}}