{"id":616,"date":"2021-04-24T18:14:49","date_gmt":"2021-04-24T16:14:49","guid":{"rendered":"http:\/\/indomerch.fr\/?post_type=product&#038;p=616"},"modified":"2021-04-24T18:14:49","modified_gmt":"2021-04-24T16:14:49","slug":"t-shirt-masturbe-moi-manches-longues","status":"publish","type":"product","link":"https:\/\/indomerch.fr\/index.php\/produit\/t-shirt-masturbe-moi-manches-longues\/","title":{"rendered":"T-shirt \u00ab\u00a0Masturbe moi\u00a0\u00bb (manches longues)"},"content":{"rendered":"","protected":false},"excerpt":{"rendered":"<p>Cette pi\u00e8ce existe en trois versions : manches longues, manches courtes et d\u00e9bardeur, avec les m\u00eames couleurs bleu marine et le lettrage bleu ciel.<\/p>\n<p>Ce t-shirt a \u00e9t\u00e9 vendu sur la tourn\u00e9e \u00ab\u00a0Dancetaria Tour\u00a0\u00bb et en ligne entre 1999 et 2001 au prix de 160 Francs (soit environ 24 \u20ac). Le d\u00e9bardeur a \u00e9t\u00e9 vendu au prix de 120 Francs (soit environ 18 \u20ac).<\/p>\n","protected":false},"featured_media":601,"template":"","meta":[],"product_cat":[30],"product_tag":[127,126,45],"_links":{"self":[{"href":"https:\/\/indomerch.fr\/index.php\/wp-json\/wp\/v2\/product\/616"}],"collection":[{"href":"https:\/\/indomerch.fr\/index.php\/wp-json\/wp\/v2\/product"}],"about":[{"href":"https:\/\/indomerch.fr\/index.php\/wp-json\/wp\/v2\/types\/product"}],"version-history":[{"count":1,"href":"https:\/\/indomerch.fr\/index.php\/wp-json\/wp\/v2\/product\/616\/revisions"}],"predecessor-version":[{"id":617,"href":"https:\/\/indomerch.fr\/index.php\/wp-json\/wp\/v2\/product\/616\/revisions\/617"}],"wp:featuredmedia":[{"embeddable":true,"href":"https:\/\/indomerch.fr\/index.php\/wp-json\/wp\/v2\/media\/601"}],"wp:attachment":[{"href":"https:\/\/indomerch.fr\/index.php\/wp-json\/wp\/v2\/media?parent=616"}],"wp:term":[{"taxonomy":"product_cat","embeddable":true,"href":"https:\/\/indomerch.fr\/index.php\/wp-json\/wp\/v2\/product_cat?post=616"},{"taxonomy":"product_tag","embeddable":true,"href":"https:\/\/indomerch.fr\/index.php\/wp-json\/wp\/v2\/product_tag?post=616"}],"curies":[{"name":"wp","href":"https:\/\/api.w.org\/{rel}","templated":true}]}}