{"id":618,"date":"2021-04-24T18:30:12","date_gmt":"2021-04-24T16:30:12","guid":{"rendered":"http:\/\/indomerch.fr\/?post_type=product&#038;p=618"},"modified":"2021-05-29T19:40:41","modified_gmt":"2021-05-29T17:40:41","slug":"t-shirt-paradize-epaules-rouges","status":"publish","type":"product","link":"https:\/\/indomerch.fr\/index.php\/produit\/t-shirt-paradize-epaules-rouges\/","title":{"rendered":"T-shirt \u00ab\u00a0Croix Paradize\u00a0\u00bb (blanc avec \u00e9paules rouges)"},"content":{"rendered":"","protected":false},"excerpt":{"rendered":"<p>Vendu pendant la tourn\u00e9e \u00ab\u00a0Paradize Tour\u00a0\u00bb puis en ligne entre 2003 et 2004 au prix de 25 \u20ac.<\/p>\n<p>Il s&rsquo;agit du mod\u00e8le blanc comportant les \u00e9paules color\u00e9es en rouge, accompagn\u00e9 d&rsquo;une croix paillet\u00e9e en gris fonc\u00e9.<\/p>\n<p>A noter qu&rsquo;un mod\u00e8le quasi identique a \u00e9t\u00e9 propos\u00e9 mais avec la croix color\u00e9e en rouge. Deux autres mod\u00e8les existent, l&rsquo;un de couleur beige et les \u00e9paules color\u00e9es en bordeaux, l&rsquo;autre beige avec les \u00e9paules color\u00e9es en kaki.<\/p>\n","protected":false},"featured_media":874,"template":"","meta":[],"product_cat":[31],"product_tag":[128,43,45],"_links":{"self":[{"href":"https:\/\/indomerch.fr\/index.php\/wp-json\/wp\/v2\/product\/618"}],"collection":[{"href":"https:\/\/indomerch.fr\/index.php\/wp-json\/wp\/v2\/product"}],"about":[{"href":"https:\/\/indomerch.fr\/index.php\/wp-json\/wp\/v2\/types\/product"}],"version-history":[{"count":8,"href":"https:\/\/indomerch.fr\/index.php\/wp-json\/wp\/v2\/product\/618\/revisions"}],"predecessor-version":[{"id":885,"href":"https:\/\/indomerch.fr\/index.php\/wp-json\/wp\/v2\/product\/618\/revisions\/885"}],"wp:featuredmedia":[{"embeddable":true,"href":"https:\/\/indomerch.fr\/index.php\/wp-json\/wp\/v2\/media\/874"}],"wp:attachment":[{"href":"https:\/\/indomerch.fr\/index.php\/wp-json\/wp\/v2\/media?parent=618"}],"wp:term":[{"taxonomy":"product_cat","embeddable":true,"href":"https:\/\/indomerch.fr\/index.php\/wp-json\/wp\/v2\/product_cat?post=618"},{"taxonomy":"product_tag","embeddable":true,"href":"https:\/\/indomerch.fr\/index.php\/wp-json\/wp\/v2\/product_tag?post=618"}],"curies":[{"name":"wp","href":"https:\/\/api.w.org\/{rel}","templated":true}]}}