{"id":621,"date":"2021-04-24T18:40:19","date_gmt":"2021-04-24T16:40:19","guid":{"rendered":"http:\/\/indomerch.fr\/?post_type=product&#038;p=621"},"modified":"2021-04-24T18:40:19","modified_gmt":"2021-04-24T16:40:19","slug":"mug-isotherme-13-tour","status":"publish","type":"product","link":"https:\/\/indomerch.fr\/index.php\/produit\/mug-isotherme-13-tour\/","title":{"rendered":"Mug isotherme \u00ab\u00a013 Tour\u00a0\u00bb"},"content":{"rendered":"","protected":false},"excerpt":{"rendered":"<p style=\"margin: 0in; font-family: Calibri; font-size: 11.0pt;\">Ce \u00ab\u00a0Mug\u00a0\u00bb (gourde) isotherme a \u00e9t\u00e9 vendue uniquement sur la 1\u00e8re vague du 13 Tour entre f\u00e9vrier et mai 2018 au prix de 15 \u20ac. Cet objet n&rsquo;a jamais \u00e9t\u00e9 vendu en ligne par la suite, le stock ayant certainement \u00e9t\u00e9 \u00e9coul\u00e9 sur la 1\u00e8re vague.<\/p>\n<p style=\"margin: 0in; font-family: Calibri; font-size: 11.0pt;\">\n<p style=\"margin: 0in; font-family: Calibri; font-size: 11.0pt;\">\n","protected":false},"featured_media":604,"template":"","meta":[],"product_cat":[124],"product_tag":[49,76,75],"_links":{"self":[{"href":"https:\/\/indomerch.fr\/index.php\/wp-json\/wp\/v2\/product\/621"}],"collection":[{"href":"https:\/\/indomerch.fr\/index.php\/wp-json\/wp\/v2\/product"}],"about":[{"href":"https:\/\/indomerch.fr\/index.php\/wp-json\/wp\/v2\/types\/product"}],"version-history":[{"count":1,"href":"https:\/\/indomerch.fr\/index.php\/wp-json\/wp\/v2\/product\/621\/revisions"}],"predecessor-version":[{"id":622,"href":"https:\/\/indomerch.fr\/index.php\/wp-json\/wp\/v2\/product\/621\/revisions\/622"}],"wp:featuredmedia":[{"embeddable":true,"href":"https:\/\/indomerch.fr\/index.php\/wp-json\/wp\/v2\/media\/604"}],"wp:attachment":[{"href":"https:\/\/indomerch.fr\/index.php\/wp-json\/wp\/v2\/media?parent=621"}],"wp:term":[{"taxonomy":"product_cat","embeddable":true,"href":"https:\/\/indomerch.fr\/index.php\/wp-json\/wp\/v2\/product_cat?post=621"},{"taxonomy":"product_tag","embeddable":true,"href":"https:\/\/indomerch.fr\/index.php\/wp-json\/wp\/v2\/product_tag?post=621"}],"curies":[{"name":"wp","href":"https:\/\/api.w.org\/{rel}","templated":true}]}}