{"id":693,"date":"2021-05-02T16:17:15","date_gmt":"2021-05-02T14:17:15","guid":{"rendered":"http:\/\/indomerch.fr\/?post_type=product&#038;p=693"},"modified":"2021-05-02T16:52:13","modified_gmt":"2021-05-02T14:52:13","slug":"short-de-sport-13-tour","status":"publish","type":"product","link":"https:\/\/indomerch.fr\/index.php\/produit\/short-de-sport-13-tour\/","title":{"rendered":"Short de sport \u00ab\u00a013 Tour\u00a0\u00bb"},"content":{"rendered":"","protected":false},"excerpt":{"rendered":"<div class=\"woocommerce-product-details__short-description\">\n<p>Vendu sur la premi\u00e8re vague du \u00ab 13 Tour \u00bb, \u00e0 compter du 10 f\u00e9vrier 2018 au prix de 15 \u20ac. Mod\u00e8le pour femme.<\/p>\n<p>La premi\u00e8re version (logo floqu\u00e9) a \u00e9t\u00e9 vendue \u00e0 partir d\u2019Epernay (10 f\u00e9vrier 2018) jusqu\u2019\u00e0 Toulouse (9 mars 2018). La deuxi\u00e8me version (avec le logo \u00ab\u00a0Indochine\u00a0\u00bb brod\u00e9 et non floqu\u00e9) est arriv\u00e9e \u00e0 compter du 9 mars 2018. En effet, le rendu du flocage n\u2019a pas \u00e9t\u00e9 jug\u00e9 satisfaisant sur la premi\u00e8re version.<\/p>\n<p>Il existe \u00e9galement deux versions (floqu\u00e9e et brod\u00e9e) pour la culotte \u00ab 13 Tour \u00bb.<\/p>\n<\/div>\n","protected":false},"featured_media":652,"template":"","meta":[],"product_cat":[124],"product_tag":[49,122],"_links":{"self":[{"href":"https:\/\/indomerch.fr\/index.php\/wp-json\/wp\/v2\/product\/693"}],"collection":[{"href":"https:\/\/indomerch.fr\/index.php\/wp-json\/wp\/v2\/product"}],"about":[{"href":"https:\/\/indomerch.fr\/index.php\/wp-json\/wp\/v2\/types\/product"}],"version-history":[{"count":1,"href":"https:\/\/indomerch.fr\/index.php\/wp-json\/wp\/v2\/product\/693\/revisions"}],"predecessor-version":[{"id":695,"href":"https:\/\/indomerch.fr\/index.php\/wp-json\/wp\/v2\/product\/693\/revisions\/695"}],"wp:featuredmedia":[{"embeddable":true,"href":"https:\/\/indomerch.fr\/index.php\/wp-json\/wp\/v2\/media\/652"}],"wp:attachment":[{"href":"https:\/\/indomerch.fr\/index.php\/wp-json\/wp\/v2\/media?parent=693"}],"wp:term":[{"taxonomy":"product_cat","embeddable":true,"href":"https:\/\/indomerch.fr\/index.php\/wp-json\/wp\/v2\/product_cat?post=693"},{"taxonomy":"product_tag","embeddable":true,"href":"https:\/\/indomerch.fr\/index.php\/wp-json\/wp\/v2\/product_tag?post=693"}],"curies":[{"name":"wp","href":"https:\/\/api.w.org\/{rel}","templated":true}]}}