{"id":696,"date":"2021-05-02T16:27:45","date_gmt":"2021-05-02T14:27:45","guid":{"rendered":"http:\/\/indomerch.fr\/?post_type=product&#038;p=696"},"modified":"2021-05-02T16:27:45","modified_gmt":"2021-05-02T14:27:45","slug":"tatouages-ephemeres-13","status":"publish","type":"product","link":"https:\/\/indomerch.fr\/index.php\/produit\/tatouages-ephemeres-13\/","title":{"rendered":"Tatouages \u00e9ph\u00e9m\u00e8res \u00ab\u00a013\u00a0\u00bb"},"content":{"rendered":"","protected":false},"excerpt":{"rendered":"<p>Mis en ligne uniquement sur l&rsquo;Indoshop le 4 novembre 2019 au prix de 5 \u20ac.<\/p>\n<p>Lot de 4 tatouages : 2 \u00ab\u00a0Croix 13\u00a0\u00bb, 1 \u00ab\u00a0Love Nicola\u00a0\u00bb et 1 \u00ab\u00a0Indochine\u00a0\u00bb.<\/p>\n<p>Dimensions : environ 5 cm x 5 cm.<\/p>\n","protected":false},"featured_media":657,"template":"","meta":[],"product_cat":[124],"product_tag":[80,138],"_links":{"self":[{"href":"https:\/\/indomerch.fr\/index.php\/wp-json\/wp\/v2\/product\/696"}],"collection":[{"href":"https:\/\/indomerch.fr\/index.php\/wp-json\/wp\/v2\/product"}],"about":[{"href":"https:\/\/indomerch.fr\/index.php\/wp-json\/wp\/v2\/types\/product"}],"version-history":[{"count":1,"href":"https:\/\/indomerch.fr\/index.php\/wp-json\/wp\/v2\/product\/696\/revisions"}],"predecessor-version":[{"id":697,"href":"https:\/\/indomerch.fr\/index.php\/wp-json\/wp\/v2\/product\/696\/revisions\/697"}],"wp:featuredmedia":[{"embeddable":true,"href":"https:\/\/indomerch.fr\/index.php\/wp-json\/wp\/v2\/media\/657"}],"wp:attachment":[{"href":"https:\/\/indomerch.fr\/index.php\/wp-json\/wp\/v2\/media?parent=696"}],"wp:term":[{"taxonomy":"product_cat","embeddable":true,"href":"https:\/\/indomerch.fr\/index.php\/wp-json\/wp\/v2\/product_cat?post=696"},{"taxonomy":"product_tag","embeddable":true,"href":"https:\/\/indomerch.fr\/index.php\/wp-json\/wp\/v2\/product_tag?post=696"}],"curies":[{"name":"wp","href":"https:\/\/api.w.org\/{rel}","templated":true}]}}