{"id":699,"date":"2021-05-02T16:36:17","date_gmt":"2021-05-02T14:36:17","guid":{"rendered":"http:\/\/indomerch.fr\/?post_type=product&#038;p=699"},"modified":"2021-05-02T16:36:17","modified_gmt":"2021-05-02T14:36:17","slug":"t-shirt-groupe-2018","status":"publish","type":"product","link":"https:\/\/indomerch.fr\/index.php\/produit\/t-shirt-groupe-2018\/","title":{"rendered":"T-shirt \u00ab\u00a0Groupe\u00a0\u00bb (2018)"},"content":{"rendered":"","protected":false},"excerpt":{"rendered":"<p>Vendu sur la premi\u00e8re vague du \u00ab\u00a013 Tour\u00a0\u00bb et au d\u00e9but de la deuxi\u00e8me vague \u00e9galement. Puis, mis en ligne sur l&rsquo;Indoshop le 15 d\u00e9cembre 2018 au prix de 25 \u20ac. Mod\u00e8le pour homme.<\/p>\n<p>A noter qu&rsquo;une version d\u00e9dicac\u00e9e par le groupe a \u00e9t\u00e9 vendue sur la premi\u00e8re date de la deuxi\u00e8me vague du \u00ab\u00a013 Tour\u00a0\u00bb (Rouen, 1er novembre 2018).<\/p>\n<p>&nbsp;<\/p>\n","protected":false},"featured_media":690,"template":"","meta":[],"product_cat":[124],"product_tag":[49,131,45],"_links":{"self":[{"href":"https:\/\/indomerch.fr\/index.php\/wp-json\/wp\/v2\/product\/699"}],"collection":[{"href":"https:\/\/indomerch.fr\/index.php\/wp-json\/wp\/v2\/product"}],"about":[{"href":"https:\/\/indomerch.fr\/index.php\/wp-json\/wp\/v2\/types\/product"}],"version-history":[{"count":1,"href":"https:\/\/indomerch.fr\/index.php\/wp-json\/wp\/v2\/product\/699\/revisions"}],"predecessor-version":[{"id":700,"href":"https:\/\/indomerch.fr\/index.php\/wp-json\/wp\/v2\/product\/699\/revisions\/700"}],"wp:featuredmedia":[{"embeddable":true,"href":"https:\/\/indomerch.fr\/index.php\/wp-json\/wp\/v2\/media\/690"}],"wp:attachment":[{"href":"https:\/\/indomerch.fr\/index.php\/wp-json\/wp\/v2\/media?parent=699"}],"wp:term":[{"taxonomy":"product_cat","embeddable":true,"href":"https:\/\/indomerch.fr\/index.php\/wp-json\/wp\/v2\/product_cat?post=699"},{"taxonomy":"product_tag","embeddable":true,"href":"https:\/\/indomerch.fr\/index.php\/wp-json\/wp\/v2\/product_tag?post=699"}],"curies":[{"name":"wp","href":"https:\/\/api.w.org\/{rel}","templated":true}]}}