{"id":766,"date":"2021-05-09T15:29:20","date_gmt":"2021-05-09T13:29:20","guid":{"rendered":"http:\/\/indomerch.fr\/?post_type=product&#038;p=766"},"modified":"2021-05-09T17:31:07","modified_gmt":"2021-05-09T15:31:07","slug":"t-shirt-bmg","status":"publish","type":"product","link":"https:\/\/indomerch.fr\/index.php\/produit\/t-shirt-bmg\/","title":{"rendered":"T-shirt \u00ab\u00a0BMG\u00a0\u00bb"},"content":{"rendered":"","protected":false},"excerpt":{"rendered":"<p>Ce t-shirt avait \u00e9t\u00e9 \u00e9dit\u00e9 en r\u00e9action \u00e0 la sortie de la compilation \u00ab\u00a0G\u00e9n\u00e9ration Indochine\u00a0\u00bb par la maison de disques BMG, sans l&rsquo;accord du groupe.<\/p>\n<p>Vendu entre 2000 et 2001 sur le site du merchandising en ligne au prix de 15 \u20ac.<\/p>\n","protected":false},"featured_media":723,"template":"","meta":[],"product_cat":[30],"product_tag":[142,45],"_links":{"self":[{"href":"https:\/\/indomerch.fr\/index.php\/wp-json\/wp\/v2\/product\/766"}],"collection":[{"href":"https:\/\/indomerch.fr\/index.php\/wp-json\/wp\/v2\/product"}],"about":[{"href":"https:\/\/indomerch.fr\/index.php\/wp-json\/wp\/v2\/types\/product"}],"version-history":[{"count":2,"href":"https:\/\/indomerch.fr\/index.php\/wp-json\/wp\/v2\/product\/766\/revisions"}],"predecessor-version":[{"id":791,"href":"https:\/\/indomerch.fr\/index.php\/wp-json\/wp\/v2\/product\/766\/revisions\/791"}],"wp:featuredmedia":[{"embeddable":true,"href":"https:\/\/indomerch.fr\/index.php\/wp-json\/wp\/v2\/media\/723"}],"wp:attachment":[{"href":"https:\/\/indomerch.fr\/index.php\/wp-json\/wp\/v2\/media?parent=766"}],"wp:term":[{"taxonomy":"product_cat","embeddable":true,"href":"https:\/\/indomerch.fr\/index.php\/wp-json\/wp\/v2\/product_cat?post=766"},{"taxonomy":"product_tag","embeddable":true,"href":"https:\/\/indomerch.fr\/index.php\/wp-json\/wp\/v2\/product_tag?post=766"}],"curies":[{"name":"wp","href":"https:\/\/api.w.org\/{rel}","templated":true}]}}