{"id":772,"date":"2021-05-09T15:44:32","date_gmt":"2021-05-09T13:44:32","guid":{"rendered":"http:\/\/indomerch.fr\/?post_type=product&#038;p=772"},"modified":"2024-01-27T12:26:45","modified_gmt":"2024-01-27T11:26:45","slug":"t-shirt-13-tour-love-army-staff","status":"publish","type":"product","link":"https:\/\/indomerch.fr\/index.php\/produit\/t-shirt-13-tour-love-army-staff\/","title":{"rendered":"T-shirt \u00ab\u00a013 Tour &#8211; Love Army\u00a0\u00bb (Staff)"},"content":{"rendered":"","protected":false},"excerpt":{"rendered":"<p>T-shirt non commercialis\u00e9, utilis\u00e9 par les \u00e9quipes de la tourn\u00e9e du \u00ab\u00a013 Tour\u00a0\u00bb entre 2018 et 2019 (floqu\u00e9 au dos).<\/p>\n","protected":false},"featured_media":738,"template":"","meta":[],"product_cat":[124],"product_tag":[49,146,145,45],"_links":{"self":[{"href":"https:\/\/indomerch.fr\/index.php\/wp-json\/wp\/v2\/product\/772"}],"collection":[{"href":"https:\/\/indomerch.fr\/index.php\/wp-json\/wp\/v2\/product"}],"about":[{"href":"https:\/\/indomerch.fr\/index.php\/wp-json\/wp\/v2\/types\/product"}],"version-history":[{"count":2,"href":"https:\/\/indomerch.fr\/index.php\/wp-json\/wp\/v2\/product\/772\/revisions"}],"predecessor-version":[{"id":775,"href":"https:\/\/indomerch.fr\/index.php\/wp-json\/wp\/v2\/product\/772\/revisions\/775"}],"wp:featuredmedia":[{"embeddable":true,"href":"https:\/\/indomerch.fr\/index.php\/wp-json\/wp\/v2\/media\/738"}],"wp:attachment":[{"href":"https:\/\/indomerch.fr\/index.php\/wp-json\/wp\/v2\/media?parent=772"}],"wp:term":[{"taxonomy":"product_cat","embeddable":true,"href":"https:\/\/indomerch.fr\/index.php\/wp-json\/wp\/v2\/product_cat?post=772"},{"taxonomy":"product_tag","embeddable":true,"href":"https:\/\/indomerch.fr\/index.php\/wp-json\/wp\/v2\/product_tag?post=772"}],"curies":[{"name":"wp","href":"https:\/\/api.w.org\/{rel}","templated":true}]}}