{"id":776,"date":"2021-05-09T15:47:38","date_gmt":"2021-05-09T13:47:38","guid":{"rendered":"http:\/\/indomerch.fr\/?post_type=product&#038;p=776"},"modified":"2024-01-27T12:28:58","modified_gmt":"2024-01-27T11:28:58","slug":"t-shirt-13-tour-love-army-staff-2","status":"publish","type":"product","link":"https:\/\/indomerch.fr\/index.php\/produit\/t-shirt-13-tour-love-army-staff-2\/","title":{"rendered":"T-shirt \u00ab 13 Tour \u2013 Love Army \u00bb (Staff)"},"content":{"rendered":"","protected":false},"excerpt":{"rendered":"<p>T-shirt non commercialis\u00e9, utilis\u00e9 par les \u00e9quipes de la tourn\u00e9e du \u00ab 13 Tour \u00bb entre 2018 et 2019 (floqu\u00e9 au dos).<\/p>\n","protected":false},"featured_media":738,"template":"","meta":[],"product_cat":[141],"product_tag":[49,146,145,45],"_links":{"self":[{"href":"https:\/\/indomerch.fr\/index.php\/wp-json\/wp\/v2\/product\/776"}],"collection":[{"href":"https:\/\/indomerch.fr\/index.php\/wp-json\/wp\/v2\/product"}],"about":[{"href":"https:\/\/indomerch.fr\/index.php\/wp-json\/wp\/v2\/types\/product"}],"version-history":[{"count":1,"href":"https:\/\/indomerch.fr\/index.php\/wp-json\/wp\/v2\/product\/776\/revisions"}],"predecessor-version":[{"id":777,"href":"https:\/\/indomerch.fr\/index.php\/wp-json\/wp\/v2\/product\/776\/revisions\/777"}],"wp:featuredmedia":[{"embeddable":true,"href":"https:\/\/indomerch.fr\/index.php\/wp-json\/wp\/v2\/media\/738"}],"wp:attachment":[{"href":"https:\/\/indomerch.fr\/index.php\/wp-json\/wp\/v2\/media?parent=776"}],"wp:term":[{"taxonomy":"product_cat","embeddable":true,"href":"https:\/\/indomerch.fr\/index.php\/wp-json\/wp\/v2\/product_cat?post=776"},{"taxonomy":"product_tag","embeddable":true,"href":"https:\/\/indomerch.fr\/index.php\/wp-json\/wp\/v2\/product_tag?post=776"}],"curies":[{"name":"wp","href":"https:\/\/api.w.org\/{rel}","templated":true}]}}