{"id":788,"date":"2021-05-09T16:31:03","date_gmt":"2021-05-09T14:31:03","guid":{"rendered":"http:\/\/indomerch.fr\/?post_type=product&#038;p=788"},"modified":"2021-05-09T16:31:03","modified_gmt":"2021-05-09T14:31:03","slug":"t-shirt-olympia","status":"publish","type":"product","link":"https:\/\/indomerch.fr\/index.php\/produit\/t-shirt-olympia\/","title":{"rendered":"T-shirt \u00ab\u00a0Olympia\u00a0\u00bb"},"content":{"rendered":"","protected":false},"excerpt":{"rendered":"<p>Vendu \u00e0 l&rsquo;occasion du concert du 26 juin 2009 \u00e0 l&rsquo;Olympia, pour le pr\u00e9lude du Meteor Tour, au prix de 25 \u20ac. Disponible en deux coupes : homme et femme.<\/p>\n","protected":false},"featured_media":765,"template":"","meta":[],"product_cat":[33],"product_tag":[46,153,45],"_links":{"self":[{"href":"https:\/\/indomerch.fr\/index.php\/wp-json\/wp\/v2\/product\/788"}],"collection":[{"href":"https:\/\/indomerch.fr\/index.php\/wp-json\/wp\/v2\/product"}],"about":[{"href":"https:\/\/indomerch.fr\/index.php\/wp-json\/wp\/v2\/types\/product"}],"version-history":[{"count":1,"href":"https:\/\/indomerch.fr\/index.php\/wp-json\/wp\/v2\/product\/788\/revisions"}],"predecessor-version":[{"id":789,"href":"https:\/\/indomerch.fr\/index.php\/wp-json\/wp\/v2\/product\/788\/revisions\/789"}],"wp:featuredmedia":[{"embeddable":true,"href":"https:\/\/indomerch.fr\/index.php\/wp-json\/wp\/v2\/media\/765"}],"wp:attachment":[{"href":"https:\/\/indomerch.fr\/index.php\/wp-json\/wp\/v2\/media?parent=788"}],"wp:term":[{"taxonomy":"product_cat","embeddable":true,"href":"https:\/\/indomerch.fr\/index.php\/wp-json\/wp\/v2\/product_cat?post=788"},{"taxonomy":"product_tag","embeddable":true,"href":"https:\/\/indomerch.fr\/index.php\/wp-json\/wp\/v2\/product_tag?post=788"}],"curies":[{"name":"wp","href":"https:\/\/api.w.org\/{rel}","templated":true}]}}