{"id":860,"date":"2021-05-22T18:42:06","date_gmt":"2021-05-22T16:42:06","guid":{"rendered":"http:\/\/indomerch.fr\/?post_type=product&#038;p=860"},"modified":"2021-05-22T18:42:06","modified_gmt":"2021-05-22T16:42:06","slug":"debardeur-masturbe-moi","status":"publish","type":"product","link":"https:\/\/indomerch.fr\/index.php\/produit\/debardeur-masturbe-moi\/","title":{"rendered":"D\u00e9bardeur \u00ab Masturbe moi \u00bb"},"content":{"rendered":"","protected":false},"excerpt":{"rendered":"<div class=\"woocommerce-product-details__short-description\">\n<p>Cette pi\u00e8ce existe en trois versions : manches longues, manches courtes et d\u00e9bardeur, avec les m\u00eames couleurs bleu marine et le lettrage bleu ciel.<\/p>\n<p>Ce d\u00e9bardeur a \u00e9t\u00e9 vendu sur la tourn\u00e9e \u00ab Dancetaria Tour \u00bb et en ligne entre 1999 et 2001 au prix de 120 Francs (soit environ 18 \u20ac).<\/p>\n<\/div>\n","protected":false},"featured_media":841,"template":"","meta":[],"product_cat":[30],"product_tag":[127,65,126],"_links":{"self":[{"href":"https:\/\/indomerch.fr\/index.php\/wp-json\/wp\/v2\/product\/860"}],"collection":[{"href":"https:\/\/indomerch.fr\/index.php\/wp-json\/wp\/v2\/product"}],"about":[{"href":"https:\/\/indomerch.fr\/index.php\/wp-json\/wp\/v2\/types\/product"}],"version-history":[{"count":1,"href":"https:\/\/indomerch.fr\/index.php\/wp-json\/wp\/v2\/product\/860\/revisions"}],"predecessor-version":[{"id":861,"href":"https:\/\/indomerch.fr\/index.php\/wp-json\/wp\/v2\/product\/860\/revisions\/861"}],"wp:featuredmedia":[{"embeddable":true,"href":"https:\/\/indomerch.fr\/index.php\/wp-json\/wp\/v2\/media\/841"}],"wp:attachment":[{"href":"https:\/\/indomerch.fr\/index.php\/wp-json\/wp\/v2\/media?parent=860"}],"wp:term":[{"taxonomy":"product_cat","embeddable":true,"href":"https:\/\/indomerch.fr\/index.php\/wp-json\/wp\/v2\/product_cat?post=860"},{"taxonomy":"product_tag","embeddable":true,"href":"https:\/\/indomerch.fr\/index.php\/wp-json\/wp\/v2\/product_tag?post=860"}],"curies":[{"name":"wp","href":"https:\/\/api.w.org\/{rel}","templated":true}]}}