{"id":883,"date":"2021-05-29T19:38:27","date_gmt":"2021-05-29T17:38:27","guid":{"rendered":"http:\/\/indomerch.fr\/?post_type=product&#038;p=883"},"modified":"2021-05-29T19:38:28","modified_gmt":"2021-05-29T17:38:28","slug":"t-shirt-croix-paradize-blanc-avec-epaules-et-croix-rouges","status":"publish","type":"product","link":"https:\/\/indomerch.fr\/index.php\/produit\/t-shirt-croix-paradize-blanc-avec-epaules-et-croix-rouges\/","title":{"rendered":"T-shirt \u00ab Croix Paradize \u00bb (blanc avec \u00e9paules et croix rouges)"},"content":{"rendered":"","protected":false},"excerpt":{"rendered":"<p>Vendu pendant la tourn\u00e9e \u00ab Paradize Tour \u00bb entre 2003 et 2004 au prix de 25 \u20ac.<\/p>\n<p>Il s\u2019agit du mod\u00e8le blanc comportant les \u00e9paules color\u00e9es en rouge, accompagn\u00e9 d\u2019une croix en rouge.<\/p>\n<p>A noter qu\u2019un mod\u00e8le quasi identique a \u00e9t\u00e9 propos\u00e9 mais avec la croix paillet\u00e9e color\u00e9e en gris fonc\u00e9. Deux autres mod\u00e8les existent, l\u2019un de couleur beige et les \u00e9paules color\u00e9es en bordeaux, l\u2019autre beige avec les \u00e9paules color\u00e9es en kaki.<\/p>\n","protected":false},"featured_media":875,"template":"","meta":[],"product_cat":[31],"product_tag":[128,43,45],"_links":{"self":[{"href":"https:\/\/indomerch.fr\/index.php\/wp-json\/wp\/v2\/product\/883"}],"collection":[{"href":"https:\/\/indomerch.fr\/index.php\/wp-json\/wp\/v2\/product"}],"about":[{"href":"https:\/\/indomerch.fr\/index.php\/wp-json\/wp\/v2\/types\/product"}],"version-history":[{"count":1,"href":"https:\/\/indomerch.fr\/index.php\/wp-json\/wp\/v2\/product\/883\/revisions"}],"predecessor-version":[{"id":884,"href":"https:\/\/indomerch.fr\/index.php\/wp-json\/wp\/v2\/product\/883\/revisions\/884"}],"wp:featuredmedia":[{"embeddable":true,"href":"https:\/\/indomerch.fr\/index.php\/wp-json\/wp\/v2\/media\/875"}],"wp:attachment":[{"href":"https:\/\/indomerch.fr\/index.php\/wp-json\/wp\/v2\/media?parent=883"}],"wp:term":[{"taxonomy":"product_cat","embeddable":true,"href":"https:\/\/indomerch.fr\/index.php\/wp-json\/wp\/v2\/product_cat?post=883"},{"taxonomy":"product_tag","embeddable":true,"href":"https:\/\/indomerch.fr\/index.php\/wp-json\/wp\/v2\/product_tag?post=883"}],"curies":[{"name":"wp","href":"https:\/\/api.w.org\/{rel}","templated":true}]}}