{"id":886,"date":"2021-05-29T19:46:30","date_gmt":"2021-05-29T17:46:30","guid":{"rendered":"http:\/\/indomerch.fr\/?post_type=product&#038;p=886"},"modified":"2021-05-29T19:46:30","modified_gmt":"2021-05-29T17:46:30","slug":"t-shirt-croix-paradize-beige-avec-epaules-kaki","status":"publish","type":"product","link":"https:\/\/indomerch.fr\/index.php\/produit\/t-shirt-croix-paradize-beige-avec-epaules-kaki\/","title":{"rendered":"T-shirt \u00ab Croix Paradize \u00bb (beige avec \u00e9paules kaki)"},"content":{"rendered":"","protected":false},"excerpt":{"rendered":"<div class=\"woocommerce-product-details__short-description\">\n<p>Vendu pendant la tourn\u00e9e \u00ab Paradize Tour \u00bb entre 2003 et 2004 au prix de 25 \u20ac.<\/p>\n<p>Il s\u2019agit du mod\u00e8le beige comportant les \u00e9paules color\u00e9es en kaki, accompagn\u00e9 d\u2019une croix paillet\u00e9e en gris fonc\u00e9.<\/p>\n<p>&nbsp;<\/p>\n<\/div>\n","protected":false},"featured_media":876,"template":"","meta":[],"product_cat":[31],"product_tag":[128,43,45],"_links":{"self":[{"href":"https:\/\/indomerch.fr\/index.php\/wp-json\/wp\/v2\/product\/886"}],"collection":[{"href":"https:\/\/indomerch.fr\/index.php\/wp-json\/wp\/v2\/product"}],"about":[{"href":"https:\/\/indomerch.fr\/index.php\/wp-json\/wp\/v2\/types\/product"}],"version-history":[{"count":2,"href":"https:\/\/indomerch.fr\/index.php\/wp-json\/wp\/v2\/product\/886\/revisions"}],"predecessor-version":[{"id":889,"href":"https:\/\/indomerch.fr\/index.php\/wp-json\/wp\/v2\/product\/886\/revisions\/889"}],"wp:featuredmedia":[{"embeddable":true,"href":"https:\/\/indomerch.fr\/index.php\/wp-json\/wp\/v2\/media\/876"}],"wp:attachment":[{"href":"https:\/\/indomerch.fr\/index.php\/wp-json\/wp\/v2\/media?parent=886"}],"wp:term":[{"taxonomy":"product_cat","embeddable":true,"href":"https:\/\/indomerch.fr\/index.php\/wp-json\/wp\/v2\/product_cat?post=886"},{"taxonomy":"product_tag","embeddable":true,"href":"https:\/\/indomerch.fr\/index.php\/wp-json\/wp\/v2\/product_tag?post=886"}],"curies":[{"name":"wp","href":"https:\/\/api.w.org\/{rel}","templated":true}]}}