{"id":900,"date":"2021-05-30T17:22:51","date_gmt":"2021-05-30T15:22:51","guid":{"rendered":"http:\/\/indomerch.fr\/?post_type=product&#038;p=900"},"modified":"2021-05-30T17:22:51","modified_gmt":"2021-05-30T15:22:51","slug":"body-paradize-10-baby","status":"publish","type":"product","link":"https:\/\/indomerch.fr\/index.php\/produit\/body-paradize-10-baby\/","title":{"rendered":"Body \u00ab\u00a0Paradize +10\u00a0\u00bb (baby)"},"content":{"rendered":"","protected":false},"excerpt":{"rendered":"<p>Vendu \u00e0 l&rsquo;occasion de la sortie de l&rsquo;album \u00ab\u00a0Paradize +10\u00a0\u00bb en 2012 pour f\u00eater les 10 ans de l&rsquo;album \u00ab\u00a0Paradize\u00a0\u00bb.<\/p>\n<p>Cette pi\u00e8ce \u00e9tait propos\u00e9e en deux tailles (3\/6 mois et 6\/12 mois) et n&rsquo;a \u00e9t\u00e9 vendue que sur l&rsquo;Indoshop \u00e0 partir du 9 mars 2012 au prix de 20 \u20ac.<\/p>\n","protected":false},"featured_media":899,"template":"","meta":[],"product_cat":[33],"product_tag":[162,43,110],"_links":{"self":[{"href":"https:\/\/indomerch.fr\/index.php\/wp-json\/wp\/v2\/product\/900"}],"collection":[{"href":"https:\/\/indomerch.fr\/index.php\/wp-json\/wp\/v2\/product"}],"about":[{"href":"https:\/\/indomerch.fr\/index.php\/wp-json\/wp\/v2\/types\/product"}],"version-history":[{"count":1,"href":"https:\/\/indomerch.fr\/index.php\/wp-json\/wp\/v2\/product\/900\/revisions"}],"predecessor-version":[{"id":901,"href":"https:\/\/indomerch.fr\/index.php\/wp-json\/wp\/v2\/product\/900\/revisions\/901"}],"wp:featuredmedia":[{"embeddable":true,"href":"https:\/\/indomerch.fr\/index.php\/wp-json\/wp\/v2\/media\/899"}],"wp:attachment":[{"href":"https:\/\/indomerch.fr\/index.php\/wp-json\/wp\/v2\/media?parent=900"}],"wp:term":[{"taxonomy":"product_cat","embeddable":true,"href":"https:\/\/indomerch.fr\/index.php\/wp-json\/wp\/v2\/product_cat?post=900"},{"taxonomy":"product_tag","embeddable":true,"href":"https:\/\/indomerch.fr\/index.php\/wp-json\/wp\/v2\/product_tag?post=900"}],"curies":[{"name":"wp","href":"https:\/\/api.w.org\/{rel}","templated":true}]}}