{"id":902,"date":"2021-05-30T17:24:37","date_gmt":"2021-05-30T15:24:37","guid":{"rendered":"http:\/\/indomerch.fr\/?post_type=product&#038;p=902"},"modified":"2021-05-30T17:24:38","modified_gmt":"2021-05-30T15:24:38","slug":"body-paradize-10-baby-2","status":"publish","type":"product","link":"https:\/\/indomerch.fr\/index.php\/produit\/body-paradize-10-baby-2\/","title":{"rendered":"Body \u00ab Paradize +10 \u00bb (baby)"},"content":{"rendered":"","protected":false},"excerpt":{"rendered":"<div class=\"woocommerce-product-details__short-description\">\n<p>Vendu \u00e0 l\u2019occasion de la sortie de l\u2019album \u00ab\u00a0Paradize +10\u00a0\u00bb en 2012 pour f\u00eater les 10 ans de l\u2019album \u00ab\u00a0Paradize\u00a0\u00bb.<\/p>\n<p>Cette pi\u00e8ce \u00e9tait propos\u00e9e en deux tailles (3\/6 mois et 6\/12 mois) et n\u2019a \u00e9t\u00e9 vendue que sur l\u2019Indoshop \u00e0 partir du 9 mars 2012 au prix de 20 \u20ac.<\/p>\n<\/div>\n","protected":false},"featured_media":899,"template":"","meta":[],"product_cat":[31],"product_tag":[162,43,110],"_links":{"self":[{"href":"https:\/\/indomerch.fr\/index.php\/wp-json\/wp\/v2\/product\/902"}],"collection":[{"href":"https:\/\/indomerch.fr\/index.php\/wp-json\/wp\/v2\/product"}],"about":[{"href":"https:\/\/indomerch.fr\/index.php\/wp-json\/wp\/v2\/types\/product"}],"version-history":[{"count":1,"href":"https:\/\/indomerch.fr\/index.php\/wp-json\/wp\/v2\/product\/902\/revisions"}],"predecessor-version":[{"id":903,"href":"https:\/\/indomerch.fr\/index.php\/wp-json\/wp\/v2\/product\/902\/revisions\/903"}],"wp:featuredmedia":[{"embeddable":true,"href":"https:\/\/indomerch.fr\/index.php\/wp-json\/wp\/v2\/media\/899"}],"wp:attachment":[{"href":"https:\/\/indomerch.fr\/index.php\/wp-json\/wp\/v2\/media?parent=902"}],"wp:term":[{"taxonomy":"product_cat","embeddable":true,"href":"https:\/\/indomerch.fr\/index.php\/wp-json\/wp\/v2\/product_cat?post=902"},{"taxonomy":"product_tag","embeddable":true,"href":"https:\/\/indomerch.fr\/index.php\/wp-json\/wp\/v2\/product_tag?post=902"}],"curies":[{"name":"wp","href":"https:\/\/api.w.org\/{rel}","templated":true}]}}